{"id":513,"date":"2021-08-25T16:45:15","date_gmt":"2021-08-25T16:45:15","guid":{"rendered":"https:\/\/stnet.pl\/?page_id=513"},"modified":"2021-08-25T16:45:15","modified_gmt":"2021-08-25T16:45:15","slug":"kontakt","status":"publish","type":"page","link":"https:\/\/stnet.pl\/?page_id=513","title":{"rendered":"Kontakt"},"content":{"rendered":"\n<h1 class=\"wp-block-heading\">ZAPRASZAM<\/h1>\n\n\n\n<ul><li><strong>pn.-pt. 10.30 -16.30*<\/strong><\/li><li><strong>15-028 Bia\u0142ystok ul. S\u0142onimska 4<\/strong><\/li><li><strong>Tel. 504244333<\/strong><\/li><li><strong>serwis@aspsystemy.pl<\/strong><\/li><\/ul>\n\n\n\n<p><strong>*Ze wzgl\u0119du na specyfik\u0119 dzia\u0142alno\u015bci prosz\u0119 um\u00f3wi\u0107 si\u0119 telefonicznie na wizyt\u0119 \u2013 cz\u0119ste prace poza warsztatem.<\/strong><\/p>\n","protected":false},"excerpt":{"rendered":"<p>ZAPRASZAM pn.-pt. 10.30 -16.30* 15-028 Bia\u0142ystok ul. S\u0142onimska 4 Tel. 504244333 serwis@aspsystemy.pl *Ze wzgl\u0119du na specyfik\u0119 dzia\u0142alno\u015bci prosz\u0119 um\u00f3wi\u0107 si\u0119 telefonicznie na wizyt\u0119 \u2013 cz\u0119ste prace poza warsztatem.<\/p>\n","protected":false},"author":2,"featured_media":0,"parent":0,"menu_order":0,"comment_status":"closed","ping_status":"closed","template":"","meta":{"footnotes":""},"_links":{"self":[{"href":"https:\/\/stnet.pl\/index.php?rest_route=\/wp\/v2\/pages\/513"}],"collection":[{"href":"https:\/\/stnet.pl\/index.php?rest_route=\/wp\/v2\/pages"}],"about":[{"href":"https:\/\/stnet.pl\/index.php?rest_route=\/wp\/v2\/types\/page"}],"author":[{"embeddable":true,"href":"https:\/\/stnet.pl\/index.php?rest_route=\/wp\/v2\/users\/2"}],"replies":[{"embeddable":true,"href":"https:\/\/stnet.pl\/index.php?rest_route=%2Fwp%2Fv2%2Fcomments&post=513"}],"version-history":[{"count":1,"href":"https:\/\/stnet.pl\/index.php?rest_route=\/wp\/v2\/pages\/513\/revisions"}],"predecessor-version":[{"id":514,"href":"https:\/\/stnet.pl\/index.php?rest_route=\/wp\/v2\/pages\/513\/revisions\/514"}],"wp:attachment":[{"href":"https:\/\/stnet.pl\/index.php?rest_route=%2Fwp%2Fv2%2Fmedia&parent=513"}],"curies":[{"name":"wp","href":"https:\/\/api.w.org\/{rel}","templated":true}]}}