{"id":532,"date":"2021-08-25T17:24:20","date_gmt":"2021-08-25T17:24:20","guid":{"rendered":"https:\/\/stnet.pl\/?page_id=532"},"modified":"2021-08-30T19:22:56","modified_gmt":"2021-08-30T19:22:56","slug":"532-2","status":"publish","type":"page","link":"https:\/\/stnet.pl\/","title":{"rendered":"Wsparcie Techniczne Serwis Komputerowy Bia\u0142ystok"},"content":{"rendered":"\t\t<div data-elementor-type=\"wp-page\" data-elementor-id=\"532\" class=\"elementor elementor-532\">\n\t\t\t\t\t\t<section class=\"elementor-section elementor-top-section elementor-element elementor-element-a2b61b2 elementor-section-boxed elementor-section-height-default elementor-section-height-default\" data-id=\"a2b61b2\" data-element_type=\"section\">\n\t\t\t\t\t\t<div class=\"elementor-container elementor-column-gap-default\">\n\t\t\t\t\t<div class=\"elementor-column elementor-col-100 elementor-top-column elementor-element elementor-element-5a6d92c6\" data-id=\"5a6d92c6\" data-element_type=\"column\">\n\t\t\t<div class=\"elementor-widget-wrap elementor-element-populated\">\n\t\t\t\t\t\t<div class=\"elementor-element elementor-element-7a7e77e4 elementor-drop-cap-yes elementor-drop-cap-view-default elementor-widget elementor-widget-text-editor\" data-id=\"7a7e77e4\" data-element_type=\"widget\" data-settings=\"{&quot;drop_cap&quot;:&quot;yes&quot;}\" data-widget_type=\"text-editor.default\">\n\t\t\t\t<div class=\"elementor-widget-container\">\n\t\t\t\t\t\t\t\t\t<p><\/p>\n<h3 class=\"wp-block-heading\"><u>OFERTA<\/u><\/h3>\n<p><\/p>\n<h2>\n<ul>\n<li><span class=\"has-inline-color has-vivid-red-color\"><a href=\"https:\/\/get.teamviewer.com\/hostaspsys\" style=\"\"><b>Sta\u0142a obs\u0142uga informatyczna dla firm i instytucji<\/b><\/a><\/span><\/li>\n<li><span class=\"has-inline-color has-vivid-red-color\"><b>Naprawa<\/b><\/span><\/li>\n<li><span class=\"has-inline-color has-vivid-red-color\"><b>Modernizacja<\/b><\/span><\/li>\n<li><span class=\"has-inline-color has-vivid-red-color\"><b>Interwencje awaryjne<\/b><\/span><\/li>\n<li><span class=\"has-inline-color has-vivid-red-color\"><a href=\"https:\/\/get.teamviewer.com\/aspsystemy\" style=\"\"><b>Pomoc zdalna<\/b><\/a><\/span><\/li>\n<\/ul>\n<\/h2>\n<p><\/p>\n<p><\/p>\n<p><\/p>\n<p><\/p>\n<p><\/p>\n<p><\/p>\n<h3 class=\"wp-block-heading\">&nbsp;<u>KONTAKT<\/u><\/h3>\n<p><\/p>\n<ul>\n<li><strong>pn.-pt. 10.30 -16.30*<\/strong><\/li>\n<li><strong>15-028 Bia\u0142ystok ul. S\u0142onimska 4<\/strong><\/li>\n<li><strong>Tel. 504244333<\/strong><\/li>\n<li><strong>serwis@aspsystemy.pl<\/strong><\/li>\n<\/ul>\n<p><\/p>\n<p><strong>*Ze wzgl\u0119du na specyfik\u0119 dzia\u0142alno\u015bci prosz\u0119 um\u00f3wi\u0107 si\u0119 telefonicznie na wizyt\u0119 \u2013 cz\u0119ste prace poza warsztatem.<\/strong><\/p>\n<p><strong>&nbsp;<\/strong><\/p>\n<h1 class=\"widget-title\" style=\"box-sizing: inherit; font-size: 20px; margin: 0.67em 0px 25px; clear: both; line-height: 24px; color: #000000; font-weight: bold; font-family: 'Open Sans', sans-serif; letter-spacing: normal; text-align: center; text-transform: none;\">LOKALIZACJA SERWISU<\/h1>\n<p><\/p>\t\t\t\t\t\t\t\t<\/div>\n\t\t\t\t<\/div>\n\t\t\t\t\t<\/div>\n\t\t<\/div>\n\t\t\t\t\t<\/div>\n\t\t<\/section>\n\t\t\t\t<div class=\"elementor-section elementor-top-section elementor-element elementor-element-a77a447 elementor-section-stretched elementor-section-boxed elementor-section-height-default elementor-section-height-default\" data-id=\"a77a447\" data-element_type=\"section\" data-settings=\"{&quot;stretch_section&quot;:&quot;section-stretched&quot;}\">\n\t\t\t\t\t\t<div class=\"elementor-container elementor-column-gap-default\">\n\t\t\t\t\t<div class=\"elementor-column elementor-col-100 elementor-top-column elementor-element elementor-element-9daa720\" data-id=\"9daa720\" data-element_type=\"column\">\n\t\t\t<div class=\"elementor-widget-wrap elementor-element-populated\">\n\t\t\t\t\t\t<div class=\"elementor-element elementor-element-86147b7 elementor-widget elementor-widget-google_maps\" data-id=\"86147b7\" data-element_type=\"widget\" data-widget_type=\"google_maps.default\">\n\t\t\t\t<div class=\"elementor-widget-container\">\n\t\t\t\t\t\t\t<div class=\"elementor-custom-embed\">\n\t\t\t<iframe loading=\"lazy\"\n\t\t\t\t\tsrc=\"https:\/\/maps.google.com\/maps?q=Bia%C5%82ystok%20S%C5%82onimska%204&#038;t=m&#038;z=17&#038;output=embed&#038;iwloc=near\"\n\t\t\t\t\ttitle=\"Bia\u0142ystok S\u0142onimska 4\"\n\t\t\t\t\taria-label=\"Bia\u0142ystok S\u0142onimska 4\"\n\t\t\t><\/iframe>\n\t\t<\/div>\n\t\t\t\t\t\t<\/div>\n\t\t\t\t<\/div>\n\t\t\t\t\t<\/div>\n\t\t<\/div>\n\t\t\t\t\t<\/div>\n\t\t<\/div>\n\t\t\t\t<\/div>\n\t\t","protected":false},"excerpt":{"rendered":"<p>OFERTA Sta\u0142a obs\u0142uga informatyczna dla firm i instytucji Naprawa Modernizacja Interwencje awaryjne Pomoc zdalna &nbsp;KONTAKT pn.-pt. 10.30 -16.30* 15-028 Bia\u0142ystok ul. S\u0142onimska 4 Tel. 504244333 serwis@aspsystemy.pl *Ze wzgl\u0119du na specyfik\u0119 dzia\u0142alno\u015bci prosz\u0119 um\u00f3wi\u0107 si\u0119 telefonicznie na wizyt\u0119 \u2013 cz\u0119ste prace poza warsztatem. &nbsp; LOKALIZACJA SERWISU<\/p>\n","protected":false},"author":2,"featured_media":0,"parent":0,"menu_order":0,"comment_status":"closed","ping_status":"closed","template":"elementor_canvas","meta":{"footnotes":""},"_links":{"self":[{"href":"https:\/\/stnet.pl\/index.php?rest_route=\/wp\/v2\/pages\/532"}],"collection":[{"href":"https:\/\/stnet.pl\/index.php?rest_route=\/wp\/v2\/pages"}],"about":[{"href":"https:\/\/stnet.pl\/index.php?rest_route=\/wp\/v2\/types\/page"}],"author":[{"embeddable":true,"href":"https:\/\/stnet.pl\/index.php?rest_route=\/wp\/v2\/users\/2"}],"replies":[{"embeddable":true,"href":"https:\/\/stnet.pl\/index.php?rest_route=%2Fwp%2Fv2%2Fcomments&post=532"}],"version-history":[{"count":26,"href":"https:\/\/stnet.pl\/index.php?rest_route=\/wp\/v2\/pages\/532\/revisions"}],"predecessor-version":[{"id":582,"href":"https:\/\/stnet.pl\/index.php?rest_route=\/wp\/v2\/pages\/532\/revisions\/582"}],"wp:attachment":[{"href":"https:\/\/stnet.pl\/index.php?rest_route=%2Fwp%2Fv2%2Fmedia&parent=532"}],"curies":[{"name":"wp","href":"https:\/\/api.w.org\/{rel}","templated":true}]}}